{"id":23,"date":"2021-02-16T15:59:05","date_gmt":"2021-02-16T15:59:05","guid":{"rendered":"https:\/\/healyourlifeworkshops.com\/about\/"},"modified":"2023-11-10T00:46:45","modified_gmt":"2023-11-10T08:46:45","slug":"circa","status":"publish","type":"page","link":"https:\/\/healyourlifeworkshops.com\/it\/about\/","title":{"rendered":"Circa"},"content":{"rendered":"<div data-elementor-type=\"wp-page\" data-elementor-id=\"23\" class=\"elementor elementor-23\" data-elementor-post-type=\"page\">\n\t\t\t\t\t\t<section data-particle_enable=\"false\" data-particle-mobile-disabled=\"false\" class=\"elementor-section elementor-top-section elementor-element elementor-element-d35d591 elementor-section-boxed elementor-section-height-default elementor-section-height-default\" data-id=\"d35d591\" data-element_type=\"section\" data-e-type=\"section\">\n\t\t\t\t\t\t\t<div class=\"elementor-background-overlay\"><\/div>\n\t\t\t\t\t\t\t<div class=\"elementor-container elementor-column-gap-default\">\n\t\t\t\t\t<div class=\"elementor-column elementor-col-100 elementor-top-column elementor-element elementor-element-ea6546c\" data-id=\"ea6546c\" data-element_type=\"column\" data-e-type=\"column\">\n\t\t\t<div class=\"elementor-widget-wrap elementor-element-populated\">\n\t\t\t\t\t\t<div class=\"elementor-element elementor-element-26ef55c elementor-widget elementor-widget-heading\" data-id=\"26ef55c\" data-element_type=\"widget\" data-e-type=\"widget\" data-widget_type=\"heading.default\">\n\t\t\t\t<div class=\"elementor-widget-container\">\n\t\t\t\t\t<h2 class=\"elementor-heading-title elementor-size-default\">La nostra storia<\/h2>\t\t\t\t<\/div>\n\t\t\t\t<\/div>\n\t\t\t\t<div class=\"elementor-element elementor-element-1e94ac7 elementor-widget elementor-widget-spacer\" data-id=\"1e94ac7\" data-element_type=\"widget\" data-e-type=\"widget\" data-widget_type=\"spacer.default\">\n\t\t\t\t<div class=\"elementor-widget-container\">\n\t\t\t\t\t\t\t<div class=\"elementor-spacer\">\n\t\t\t<div class=\"elementor-spacer-inner\"><\/div>\n\t\t<\/div>\n\t\t\t\t\t\t<\/div>\n\t\t\t\t<\/div>\n\t\t\t\t<div class=\"elementor-element elementor-element-6cecc99 elementor-widget elementor-widget-spacer\" data-id=\"6cecc99\" data-element_type=\"widget\" data-e-type=\"widget\" data-widget_type=\"spacer.default\">\n\t\t\t\t<div class=\"elementor-widget-container\">\n\t\t\t\t\t\t\t<div class=\"elementor-spacer\">\n\t\t\t<div class=\"elementor-spacer-inner\"><\/div>\n\t\t<\/div>\n\t\t\t\t\t\t<\/div>\n\t\t\t\t<\/div>\n\t\t\t\t<section data-particle_enable=\"false\" data-particle-mobile-disabled=\"false\" class=\"elementor-section elementor-inner-section elementor-element elementor-element-fe343f6 elementor-section-boxed elementor-section-height-default elementor-section-height-default\" data-id=\"fe343f6\" data-element_type=\"section\" data-e-type=\"section\">\n\t\t\t\t\t\t<div class=\"elementor-container elementor-column-gap-default\">\n\t\t\t\t\t<div class=\"elementor-column elementor-col-50 elementor-inner-column elementor-element elementor-element-65aa804\" data-id=\"65aa804\" data-element_type=\"column\" data-e-type=\"column\">\n\t\t\t<div class=\"elementor-widget-wrap\">\n\t\t\t\t\t\t\t<\/div>\n\t\t<\/div>\n\t\t\t\t<div class=\"elementor-column elementor-col-50 elementor-inner-column elementor-element elementor-element-cced4ac\" data-id=\"cced4ac\" data-element_type=\"column\" data-e-type=\"column\">\n\t\t\t<div class=\"elementor-widget-wrap\">\n\t\t\t\t\t\t\t<\/div>\n\t\t<\/div>\n\t\t\t\t\t<\/div>\n\t\t<\/section>\n\t\t\t\t<div class=\"elementor-element elementor-element-6f27549 elementor-widget elementor-widget-spacer\" data-id=\"6f27549\" data-element_type=\"widget\" data-e-type=\"widget\" data-widget_type=\"spacer.default\">\n\t\t\t\t<div class=\"elementor-widget-container\">\n\t\t\t\t\t\t\t<div class=\"elementor-spacer\">\n\t\t\t<div class=\"elementor-spacer-inner\"><\/div>\n\t\t<\/div>\n\t\t\t\t\t\t<\/div>\n\t\t\t\t<\/div>\n\t\t\t\t\t<\/div>\n\t\t<\/div>\n\t\t\t\t\t<\/div>\n\t\t<\/section>\n\t\t\t\t<section data-particle_enable=\"false\" data-particle-mobile-disabled=\"false\" class=\"elementor-section elementor-top-section elementor-element elementor-element-1b521f4 elementor-section-boxed elementor-section-height-default elementor-section-height-default\" data-id=\"1b521f4\" data-element_type=\"section\" data-e-type=\"section\">\n\t\t\t\t\t\t<div class=\"elementor-container elementor-column-gap-default\">\n\t\t\t\t\t<div class=\"elementor-column elementor-col-100 elementor-top-column elementor-element elementor-element-fb6ce9b\" data-id=\"fb6ce9b\" data-element_type=\"column\" data-e-type=\"column\">\n\t\t\t<div class=\"elementor-widget-wrap elementor-element-populated\">\n\t\t\t\t\t\t<div class=\"elementor-element elementor-element-980aa10 elementor-widget elementor-widget-text-editor\" data-id=\"980aa10\" data-element_type=\"widget\" data-e-type=\"widget\" data-widget_type=\"text-editor.default\">\n\t\t\t\t<div class=\"elementor-widget-container\">\n\t\t\t\t\t\t\t\t\t<p>Louise Hay ha approvato personalmente un accordo di licenza unico tra Hay House, leader mondiale nella pubblicazione di libri di auto-aiuto e di trasformazione, e Heart Inspired Presentations, LLC. Heart Inspired Presentations, LLC \u00e8 ora il fornitore esclusivo di formazione Heal Your Life\u00ae a livello mondiale. L'azienda si dedica all'espansione dei potenti principi di Louise Hay al di l\u00e0 delle pagine del libro, con programmi personali e ravvicinati in una variet\u00e0 di contesti. L'accordo consente a loro e agli insegnanti-formatori di concedere licenze e autorizzare programmi di formazione sulla filosofia di Louise. I diplomati della nostra formazione sono quindi idonei a diventare leader di workshop Heal Your Life\u00ae certificati e autorizzati, life coach, insegnanti per adolescenti e formatori di Managing with Heart and Mind in contesti aziendali. Tutte le persone elencate in questo sito sono state formate e autorizzate a utilizzare il marchio Heal Your Life\u00ae e i materiali protetti da copyright della filosofia di Louise.<\/p>\t\t\t\t\t\t\t\t<\/div>\n\t\t\t\t<\/div>\n\t\t\t\t\t<\/div>\n\t\t<\/div>\n\t\t\t\t\t<\/div>\n\t\t<\/section>\n\t\t\t\t<section data-particle_enable=\"false\" data-particle-mobile-disabled=\"false\" class=\"elementor-section elementor-top-section elementor-element elementor-element-0eb175d elementor-section-boxed elementor-section-height-default elementor-section-height-default\" data-id=\"0eb175d\" data-element_type=\"section\" data-e-type=\"section\" data-settings=\"{&quot;background_background&quot;:&quot;classic&quot;}\">\n\t\t\t\t\t\t<div class=\"elementor-container elementor-column-gap-default\">\n\t\t\t\t\t<div class=\"elementor-column elementor-col-50 elementor-top-column elementor-element elementor-element-b3e1123\" data-id=\"b3e1123\" data-element_type=\"column\" data-e-type=\"column\">\n\t\t\t<div class=\"elementor-widget-wrap elementor-element-populated\">\n\t\t\t\t\t\t<div class=\"elementor-element elementor-element-7acbfdb elementor-widget elementor-widget-heading\" data-id=\"7acbfdb\" data-element_type=\"widget\" data-e-type=\"widget\" data-widget_type=\"heading.default\">\n\t\t\t\t<div class=\"elementor-widget-container\">\n\t\t\t\t\t<h2 class=\"elementor-heading-title elementor-size-default\">Dott.ssa Patricia Crane<\/h2>\t\t\t\t<\/div>\n\t\t\t\t<\/div>\n\t\t\t\t<div class=\"elementor-element elementor-element-1e9c401 elementor-widget elementor-widget-text-editor\" data-id=\"1e9c401\" data-element_type=\"widget\" data-e-type=\"widget\" data-widget_type=\"text-editor.default\">\n\t\t\t\t<div class=\"elementor-widget-container\">\n\t\t\t\t\t\t\t\t\t<p>\u00a0 \u00a0La dottoressa Patricia J. Crane, Ph.D., presidente e cofondatrice di Heart Inspired Presentations, LLC, si \u00e8 interessata per la prima volta alle filosofie di Louise Hay dopo aver letto <em>Potete guarire la vostra vita<\/em>. Di tutti i libri che aveva letto fino a quel momento, Patricia sentiva che questo riuniva gli aspetti mentali, fisici, emotivi e spirituali nel modo pi\u00f9 potente. Anche se le idee sembrano semplici, sono profonde.\u00a0<\/p><p>\u00a0 \u00a0Poi Patricia ha avuto il piacere di incontrare Louise durante una prima colazione di lavoro e ha saputo che Louise stava conducendo un corso intensivo di una settimana. La sua partecipazione a quell'incontro \u00e8 stata trasformativa per la sua crescita personale e ha alimentato il desiderio di aiutare gli altri a compiere cambiamenti simili nel loro viaggio interiore. Il contenitore del cambiamento \u00e8 stato il modo in cui Louise ha creato un bozzolo di amore incondizionato in cui ogni persona ha potuto imparare veramente ad amare se stessa e ad aprirsi a tecniche come il lavoro con gli specchi, il lavoro con il bambino interiore e il perdono di s\u00e9 e degli altri.<\/p><p>\u00a0 \u00a0Essendo testimone dell'incredibile potere di queste pratiche e di questi principi di cambiare la vita, Patricia inizi\u00f2 a lavorare direttamente con Louise nei suoi corsi intensivi di una settimana, guidando piccoli gruppi e insegnando alcune sessioni. Con l'evolversi della vita, soprattutto dopo la partecipazione allo show di Oprah Winfrey, Louise inizi\u00f2 a dedicarsi maggiormente alla pubblicazione di libri e registrazioni audio con la sua societ\u00e0, Hay House, Inc. mentre la dott.ssa Crane raccolse naturalmente il mantello e continu\u00f2 con gli insegnamenti. Nel 1995, Louise approv\u00f2 il programma di formazione che continua ancora oggi. L'accordo ufficiale con Hay House, Inc. fu stipulato in un secondo momento. Patricia ci dice: \"Dopo tutti questi anni di tutoraggio da parte di Louise, non posso immaginare una ricompensa pi\u00f9 grande che essere ufficialmente autorizzata a svolgere questo lavoro\".<\/p><p>\u00a0 \u00a0Oggi ci sono leader di workshop e coach di Heal Your Life\u00ae in 71 paesi in tutto il mondo, tutti dedicati a condividere il lavoro di Louise. \u00c8 chiaro che questo testimonia il fascino universale del lavoro di Louise Hay. Gli esseri umani avranno sempre bisogno di imparare ad amare se stessi, a guarire il passato e ad apprendere le tecniche per creare una vita straordinaria!<\/p>\t\t\t\t\t\t\t\t<\/div>\n\t\t\t\t<\/div>\n\t\t\t\t\t<\/div>\n\t\t<\/div>\n\t\t\t\t<div class=\"elementor-column elementor-col-50 elementor-top-column elementor-element elementor-element-da859e6\" data-id=\"da859e6\" data-element_type=\"column\" data-e-type=\"column\">\n\t\t\t<div class=\"elementor-widget-wrap elementor-element-populated\">\n\t\t\t\t\t\t<div class=\"elementor-element elementor-element-66e0d63 elementor-widget elementor-widget-heading\" data-id=\"66e0d63\" data-element_type=\"widget\" data-e-type=\"widget\" data-widget_type=\"heading.default\">\n\t\t\t\t<div class=\"elementor-widget-container\">\n\t\t\t\t\t<h2 class=\"elementor-heading-title elementor-size-default\">Rick Nichols<\/h2>\t\t\t\t<\/div>\n\t\t\t\t<\/div>\n\t\t\t\t<div class=\"elementor-element elementor-element-2b8642a elementor-widget elementor-widget-text-editor\" data-id=\"2b8642a\" data-element_type=\"widget\" data-e-type=\"widget\" data-widget_type=\"text-editor.default\">\n\t\t\t\t<div class=\"elementor-widget-container\">\n\t\t\t\t\t\t\t\t\t<p>Rick Nichols \u00e8 un visionario con un impegno costante nel trasformare le vite e ispirare cambiamenti positivi su scala globale. Come autore, narratore, poeta e filosofo, Rick ha dedicato la sua vita a<br \/>diffondendo il messaggio dell'amore incondizionato e dando alle persone la possibilit\u00e0 di attingere al proprio s\u00e9 pi\u00f9 elevato.<br \/>Al centro del lavoro di Rick ci sono gli insegnamenti della sua amata mentore, Louise Hay. Attingendo ai suoi metodi di trasformazione attraverso il programma Heal Your Life\u00ae approvato dalla Hay House, Rick \u00e8 diventato una guida e un mentore di fiducia nel condurre gli altri verso la scoperta di s\u00e9, la guarigione e la crescita personale. Con un<br \/>Grazie alla sua profonda comprensione di come i nostri pensieri e le nostre convinzioni abbiano un impatto profondo sulla nostra vita, Rick permette alle persone di abbracciare l'amore per se stesse e di sfruttare le proprie capacit\u00e0 innate per creare la vita che desiderano veramente.<\/p><p>Avendo viaggiato molto in tutto il mondo, la missione di vita di Rick lo ha portato in comunit\u00e0 di culture diverse, dove ha ispirato persone di ogni estrazione sociale a elevare il proprio pensiero e ad abbracciare la propria<br \/>vera essenza. Attraverso corsi di formazione Heal Your Life\u00ae altamente interattivi, Rick accende una scintilla di autoconsapevolezza e incoraggia i partecipanti ad abbracciare i loro doni e talenti unici.<\/p><p>Rick Nichols \u00e8 un maestro d'amore che irradia compassione, saggezza e una profonda comprensione dell'esperienza umana. Il suo messaggio trasformativo risuona profondamente con coloro che sono alla ricerca di un livello superiore di coscienza, ispirandoli a entrare nel loro s\u00e9 autentico e a influenzare positivamente il mondo.<\/p>\t\t\t\t\t\t\t\t<\/div>\n\t\t\t\t<\/div>\n\t\t\t\t\t<\/div>\n\t\t<\/div>\n\t\t\t\t\t<\/div>\n\t\t<\/section>\n\t\t\t\t<section data-particle_enable=\"false\" data-particle-mobile-disabled=\"false\" class=\"elementor-section elementor-top-section elementor-element elementor-element-4704945 elementor-section-boxed elementor-section-height-default elementor-section-height-default\" data-id=\"4704945\" data-element_type=\"section\" data-e-type=\"section\">\n\t\t\t\t\t\t<div class=\"elementor-container elementor-column-gap-default\">\n\t\t\t\t\t<div class=\"elementor-column elementor-col-100 elementor-top-column elementor-element elementor-element-e678e3e\" data-id=\"e678e3e\" data-element_type=\"column\" data-e-type=\"column\">\n\t\t\t<div class=\"elementor-widget-wrap elementor-element-populated\">\n\t\t\t\t\t\t<div class=\"elementor-element elementor-element-5201aa0 elementor-widget elementor-widget-spacer\" data-id=\"5201aa0\" data-element_type=\"widget\" data-e-type=\"widget\" data-widget_type=\"spacer.default\">\n\t\t\t\t<div class=\"elementor-widget-container\">\n\t\t\t\t\t\t\t<div class=\"elementor-spacer\">\n\t\t\t<div class=\"elementor-spacer-inner\"><\/div>\n\t\t<\/div>\n\t\t\t\t\t\t<\/div>\n\t\t\t\t<\/div>\n\t\t\t\t\t<\/div>\n\t\t<\/div>\n\t\t\t\t\t<\/div>\n\t\t<\/section>\n\t\t\t\t<\/div>","protected":false},"excerpt":{"rendered":"<p>Our Story Louise Hay personally approved a unique licensing agreement between the\u00a0worldwide leader in self-help and transformational book publishing, Hay House, Inc, and Heart Inspired Presentations, LLC. Heart Inspired Presentations, [&hellip;]<\/p>\n","protected":false},"author":1,"featured_media":0,"parent":0,"menu_order":0,"comment_status":"closed","ping_status":"closed","template":"","meta":{"site-sidebar-layout":"no-sidebar","site-content-layout":"page-builder","ast-site-content-layout":"","site-content-style":"default","site-sidebar-style":"default","ast-global-header-display":"","ast-banner-title-visibility":"","ast-main-header-display":"","ast-hfb-above-header-display":"","ast-hfb-below-header-display":"","ast-hfb-mobile-header-display":"","site-post-title":"disabled","ast-breadcrumbs-content":"disabled","ast-featured-img":"disabled","footer-sml-layout":"","theme-transparent-header-meta":"disabled","adv-header-id-meta":"","stick-header-meta":"","header-above-stick-meta":"","header-main-stick-meta":"","header-below-stick-meta":"","astra-migrate-meta-layouts":"default","ast-page-background-enabled":"default","ast-page-background-meta":{"desktop":{"background-color":"","background-image":"","background-repeat":"repeat","background-position":"center center","background-size":"auto","background-attachment":"scroll","background-type":"","background-media":"","overlay-type":"","overlay-color":"","overlay-gradient":""},"tablet":{"background-color":"","background-image":"","background-repeat":"repeat","background-position":"center center","background-size":"auto","background-attachment":"scroll","background-type":"","background-media":"","overlay-type":"","overlay-color":"","overlay-gradient":""},"mobile":{"background-color":"","background-image":"","background-repeat":"repeat","background-position":"center center","background-size":"auto","background-attachment":"scroll","background-type":"","background-media":"","overlay-type":"","overlay-color":"","overlay-gradient":""}},"ast-content-background-meta":{"desktop":{"background-color":"var(--ast-global-color-5)","background-image":"","background-repeat":"repeat","background-position":"center center","background-size":"auto","background-attachment":"scroll","background-type":"","background-media":"","overlay-type":"","overlay-color":"","overlay-gradient":""},"tablet":{"background-color":"var(--ast-global-color-5)","background-image":"","background-repeat":"repeat","background-position":"center center","background-size":"auto","background-attachment":"scroll","background-type":"","background-media":"","overlay-type":"","overlay-color":"","overlay-gradient":""},"mobile":{"background-color":"var(--ast-global-color-5)","background-image":"","background-repeat":"repeat","background-position":"center center","background-size":"auto","background-attachment":"scroll","background-type":"","background-media":"","overlay-type":"","overlay-color":"","overlay-gradient":""}},"footnotes":""},"class_list":["post-23","page","type-page","status-publish","hentry"],"_links":{"self":[{"href":"https:\/\/healyourlifeworkshops.com\/it\/wp-json\/wp\/v2\/pages\/23","targetHints":{"allow":["GET"]}}],"collection":[{"href":"https:\/\/healyourlifeworkshops.com\/it\/wp-json\/wp\/v2\/pages"}],"about":[{"href":"https:\/\/healyourlifeworkshops.com\/it\/wp-json\/wp\/v2\/types\/page"}],"author":[{"embeddable":true,"href":"https:\/\/healyourlifeworkshops.com\/it\/wp-json\/wp\/v2\/users\/1"}],"replies":[{"embeddable":true,"href":"https:\/\/healyourlifeworkshops.com\/it\/wp-json\/wp\/v2\/comments?post=23"}],"version-history":[{"count":205,"href":"https:\/\/healyourlifeworkshops.com\/it\/wp-json\/wp\/v2\/pages\/23\/revisions"}],"predecessor-version":[{"id":15234,"href":"https:\/\/healyourlifeworkshops.com\/it\/wp-json\/wp\/v2\/pages\/23\/revisions\/15234"}],"wp:attachment":[{"href":"https:\/\/healyourlifeworkshops.com\/it\/wp-json\/wp\/v2\/media?parent=23"}],"curies":[{"name":"wp","href":"https:\/\/api.w.org\/{rel}","templated":true}]}}